{"id":919,"date":"2018-05-14T12:51:40","date_gmt":"2018-05-14T12:51:40","guid":{"rendered":"http:\/\/keenitsolutions.com\/products\/wordpress\/rsconstruction\/?page_id=919"},"modified":"2021-08-26T22:00:27","modified_gmt":"2021-08-26T22:00:27","slug":"nosotros","status":"publish","type":"page","link":"http:\/\/sgl.cl\/sgl\/nosotros\/","title":{"rendered":"Nosotros"},"content":{"rendered":"<p>[vc_row full_width=&#8221;stretch_row&#8221; gap=&#8221;35&#8243; css=&#8221;.vc_custom_1529489363610{padding-top: 60px !important;padding-bottom: 60px !important;background-color: #ffffff !important;}&#8221;][vc_column width=&#8221;1\/2&#8243;]\r\n        <div class=\"rs-heading  border-style \">\r\n        \t<div class=\"title-inner\">\r\n\t            <span class=\"sub-text\">SGL Integral Limitada<\/span>\r\n\t            <h2><span class=\"watermark\">SGL Integral Limitada<\/span>7 a\u00f1os de experiencia<\/h2>\r\n\t        <\/div><\/div>[vc_column_text]<strong>SGL Integral Limitada<\/strong> surge como respuesta a la necesidad manifiesta de empresas del sector forestal e industrial de la zona de disponer de empresas <em>partner<\/em> capaces de aportar capacidades ingenieriles, herramientas y recursos para la operaci\u00f3n y gesti\u00f3n, garantizando el mejoramiento continuo de los procesos tercerizados, contribuyendo de esta forma a la eficiencia y eficacia global de sus empresas mandantes.[\/vc_column_text][vc_column_text css=&#8221;.vc_custom_1627927886705{margin-top: 44px !important;}&#8221;]<strong>Osvaldo Dur\u00e1n<\/strong> &#8211; Fundador y Gerente General[\/vc_column_text][\/vc_column][vc_column width=&#8221;1\/2&#8243;][vc_tta_accordion][vc_tta_section title=&#8221;Misi\u00f3n&#8221; tab_id=&#8221;architect&#8221;][vc_column_text]SGL Integral Limitada, es una empresa destinada a otorgar servicios de asesor\u00eda profesional, gesti\u00f3n y servicios de operaci\u00f3n log\u00edstica integral en el \u00e1mbito de las funciones de apoyo a los procesos de la cadena de valor de las empresas, como lo son; Gesti\u00f3n de abastecimiento, Gesti\u00f3n de inventarios, Planificaci\u00f3n y control de la producci\u00f3n, Gesti\u00f3n de Cadenas de Distribuci\u00f3n, Gesti\u00f3n y Control de Calidad, Gesti\u00f3n y Control de la Seguridad de las Operaciones Industriales y Forestales, entre otras.[\/vc_column_text][\/vc_tta_section][vc_tta_section title=&#8221;Visi\u00f3n&#8221; tab_id=&#8221;design&#8221;][vc_column_text]Ser reconocidos como una empresa l\u00edder en la industria forestal, dado por el compromiso con nuestros clientes, empleados y socios comerciales, lo que sustenta nuestra calidad de servicio.[\/vc_column_text][\/vc_tta_section][vc_tta_section title=&#8221;Valores&#8221; tab_id=&#8221;satisfaction&#8221;][vc_column_text]Compromiso, responsabilidad, orientaci\u00f3n a los objetivos de nuestros clientes, calidad de servicio, disponibilidad, respeto hacia las personas y el medio ambiente, entre otros.[\/vc_column_text][\/vc_tta_section][\/vc_tta_accordion][\/vc_column][\/vc_row][vc_row full_width=&#8221;stretch_row&#8221; content_placement=&#8221;middle&#8221; el_id=&#8221;cta-sec&#8221; css=&#8221;.vc_custom_1525770342759{padding-top: 35px !important;padding-bottom: 35px !important;background-color: #fbc02d !important;}&#8221;][vc_column width=&#8221;1\/6&#8243;][vc_single_image image=&#8221;2073&#8243; img_size=&#8221;full&#8221;][\/vc_column][vc_column width=&#8221;7\/12&#8243;][vc_column_text el_class=&#8221;callto-desc&#8221;]<\/p>\n<p class=\"call-subtitle\">Entregamos un servicio de excelencia<\/p>\n<p class=\"call-title\">\u00bfLISTOS PARA COMENZAR?<\/p>\n<p>[\/vc_column_text][\/vc_column][vc_column width=&#8221;1\/4&#8243;][vc_column_text el_class=&#8221;text-right&#8221;]<a class=\"readon\" href=\"http:\/\/sgl.cl\/sgl\/contact-us\/\">CONT\u00c1CTENOS<\/a>[\/vc_column_text][\/vc_column][\/vc_row]<\/p>\n","protected":false},"excerpt":{"rendered":"<p>[vc_row full_width=&#8221;stretch_row&#8221; gap=&#8221;35&#8243; css=&#8221;.vc_custom_1529489363610{padding-top: 60px !important;padding-bottom: 60px !important;background-color: #ffffff !important;}&#8221;][vc_column width=&#8221;1\/2&#8243;][vc_column_text]SGL Integral Limitada surge como respuesta a la necesidad manifiesta&#8230;<\/p>\n","protected":false},"author":1,"featured_media":0,"parent":0,"menu_order":0,"comment_status":"closed","ping_status":"closed","template":"","meta":{"footnotes":""},"class_list":["post-919","page","type-page","status-publish","hentry"],"_links":{"self":[{"href":"http:\/\/sgl.cl\/sgl\/wp-json\/wp\/v2\/pages\/919","targetHints":{"allow":["GET"]}}],"collection":[{"href":"http:\/\/sgl.cl\/sgl\/wp-json\/wp\/v2\/pages"}],"about":[{"href":"http:\/\/sgl.cl\/sgl\/wp-json\/wp\/v2\/types\/page"}],"author":[{"embeddable":true,"href":"http:\/\/sgl.cl\/sgl\/wp-json\/wp\/v2\/users\/1"}],"replies":[{"embeddable":true,"href":"http:\/\/sgl.cl\/sgl\/wp-json\/wp\/v2\/comments?post=919"}],"version-history":[{"count":8,"href":"http:\/\/sgl.cl\/sgl\/wp-json\/wp\/v2\/pages\/919\/revisions"}],"predecessor-version":[{"id":3566,"href":"http:\/\/sgl.cl\/sgl\/wp-json\/wp\/v2\/pages\/919\/revisions\/3566"}],"wp:attachment":[{"href":"http:\/\/sgl.cl\/sgl\/wp-json\/wp\/v2\/media?parent=919"}],"curies":[{"name":"wp","href":"https:\/\/api.w.org\/{rel}","templated":true}]}}