{"id":450,"date":"2018-05-07T12:41:50","date_gmt":"2018-05-07T12:41:50","guid":{"rendered":"http:\/\/keenitsolutions.com\/products\/wordpress\/rsconstruction\/?page_id=450"},"modified":"2021-08-26T22:23:44","modified_gmt":"2021-08-26T22:23:44","slug":"services","status":"publish","type":"page","link":"https:\/\/sgl.cl\/sgl\/services\/","title":{"rendered":"Servicios"},"content":{"rendered":"<p>[vc_row full_width=&#8221;stretch_row&#8221; css=&#8221;.vc_custom_1529649200845{padding-top: 55px !important;padding-bottom: 96px !important;background-color: #f1f1f1 !important;}&#8221; el_id=&#8221;rs-about&#8221; el_class=&#8221;rs-about1&#8243;][vc_column][vc_row_inner][vc_column_inner]\r\n        <div class=\"rs-heading   center\">\r\n        \t<div class=\"title-inner\">\r\n\t            <span class=\"sub-text\">Aportamos Valor a las Empresas<\/span>\r\n\t            <h2><span class=\"watermark\">Nuestros Servicios<\/span>Nuestros Servicios<\/h2>\r\n\t        <\/div><div class=\"description\"><p>Nuestras soluciones aportan valor a las empresas a trav\u00e9s de nuestra infraestructura, expertiz y capacidad profesional, siempre apoyados en tecnolog\u00eda de \u00faltima generaci\u00f3n, resultados de una constante investigaci\u00f3n y mejoramiento cont\u00ednuo en materia de log\u00edstica y gesti\u00f3n.<\/p><\/div><\/div>[\/vc_column_inner][\/vc_row_inner][\/vc_column][\/vc_row][vc_row el_id=&#8221;services-design&#8221; css=&#8221;.vc_custom_1529656745648{padding-top: 100px !important;}&#8221;][vc_column width=&#8221;1\/2&#8243;][vc_row_inner content_placement=&#8221;middle&#8221;][vc_column_inner width=&#8221;1\/2&#8243; el_id=&#8221;one-servies-img&#8221;][vc_single_image image=&#8221;3624&#8243; img_size=&#8221;full&#8221;][\/vc_column_inner][vc_column_inner width=&#8221;1\/2&#8243;][vc_column_text css=&#8221;.vc_custom_1630016426096{padding-top: 20px !important;padding-right: 20px !important;padding-bottom: 20px !important;padding-left: 40px !important;}&#8221;]<\/p>\n<h3>Central de Operaciones Log\u00edsticas<\/h3>\n<p>Contamos con personal e infraestructura especializada, apoyados en la \u00faltima tecnolog\u00eda para hacernos cargo de la log\u00edstica de su empresa.[\/vc_column_text][\/vc_column_inner][\/vc_row_inner][\/vc_column][vc_column width=&#8221;1\/2&#8243;][vc_row_inner content_placement=&#8221;middle&#8221;][vc_column_inner width=&#8221;1\/2&#8243;][vc_single_image image=&#8221;3625&#8243; img_size=&#8221;full&#8221;][\/vc_column_inner][vc_column_inner width=&#8221;1\/2&#8243; offset=&#8221;vc_hidden-xs&#8221;][vc_column_text css=&#8221;.vc_custom_1630016475952{padding-top: 20px !important;padding-right: 20px !important;padding-bottom: 20px !important;padding-left: 40px !important;}&#8221;]<\/p>\n<h3>Central de Emergencias<\/h3>\n<p>Contamos con personal capacitado para centralizar y dirigir los flujos de informaci\u00f3n para una r\u00e1pida gesti\u00f3n de recursos ante situaciones de emergencia en su empresa.[\/vc_column_text][\/vc_column_inner][\/vc_row_inner][\/vc_column][\/vc_row][vc_row el_id=&#8221;services-design&#8221; css=&#8221;.vc_custom_1628002021834{margin-bottom: 100px !important;}&#8221;][vc_column width=&#8221;1\/2&#8243;][vc_row_inner content_placement=&#8221;middle&#8221;][vc_column_inner width=&#8221;1\/2&#8243;][vc_column_text css=&#8221;.vc_custom_1630016510255{padding-top: 20px !important;padding-right: 20px !important;padding-bottom: 20px !important;padding-left: 40px !important;}&#8221;]<\/p>\n<h3>Gesti\u00f3n de Origen de Maderas<\/h3>\n<p>Validamos el origen, propiedad y calidad de maderas adquiridas a terceros en la industria forestal. Asegurando el cumplimiento de est\u00e1ndares legales y de calidad, apoyados por un equipo humano experto y la \u00faltima tecnolog\u00eda.[\/vc_column_text][\/vc_column_inner][vc_column_inner width=&#8221;1\/2&#8243;][vc_single_image image=&#8221;3623&#8243; img_size=&#8221;full&#8221;][\/vc_column_inner][\/vc_row_inner][vc_row_inner content_placement=&#8221;middle&#8221;][vc_column_inner width=&#8221;1\/2&#8243;][vc_single_image image=&#8221;3627&#8243; img_size=&#8221;full&#8221;][\/vc_column_inner][vc_column_inner width=&#8221;1\/2&#8243;][vc_column_text css=&#8221;.vc_custom_1630016592655{padding-top: 20px !important;padding-right: 20px !important;padding-bottom: 20px !important;padding-left: 40px !important;}&#8221;]<\/p>\n<h3>Inventarios<\/h3>\n<p>Nos hacemos cargo de todo el proceso de recopilaci\u00f3n de datos de stock en terreno, apoy\u00e1ndonos en herramientas como fotograf\u00edas y geolocalizaci\u00f3n.[\/vc_column_text][\/vc_column_inner][\/vc_row_inner][\/vc_column][vc_column width=&#8221;1\/2&#8243;][vc_row_inner content_placement=&#8221;middle&#8221;][vc_column_inner width=&#8221;1\/2&#8243;][vc_column_text css=&#8221;.vc_custom_1630016538057{padding-top: 20px !important;padding-right: 20px !important;padding-bottom: 20px !important;padding-left: 40px !important;}&#8221;]<\/p>\n<h3>Supervisi\u00f3n Remota<\/h3>\n<p>Utilizamos tecnolog\u00eda de \u00faltima generaci\u00f3n para supervisar a distancia operaciones en terreno, las cuales por condiciones geogr\u00e1ficas dificultan la movilidad entre puntos de trabajo.[\/vc_column_text][\/vc_column_inner][vc_column_inner width=&#8221;1\/2&#8243; offset=&#8221;vc_hidden-xs&#8221;][vc_single_image image=&#8221;3626&#8243; img_size=&#8221;full&#8221;][\/vc_column_inner][\/vc_row_inner][vc_row_inner content_placement=&#8221;middle&#8221;][vc_column_inner width=&#8221;1\/2&#8243;][vc_single_image image=&#8221;3628&#8243; img_size=&#8221;full&#8221;][\/vc_column_inner][vc_column_inner width=&#8221;1\/2&#8243; offset=&#8221;vc_hidden-xs&#8221;][vc_column_text css=&#8221;.vc_custom_1630016615206{padding-top: 20px !important;padding-right: 20px !important;padding-bottom: 20px !important;padding-left: 40px !important;}&#8221;]<\/p>\n<h3>Inteligencia de Negocios<\/h3>\n<p>Elaboramos y aplicamos reportabilidad para entregar valor a trav\u00e9s de la informaci\u00f3n y mejorar sus procesos a trav\u00e9s de la gesti\u00f3n de desviaciones en el proceso.<\/p>\n<p>&nbsp;[\/vc_column_text][\/vc_column_inner][\/vc_row_inner][\/vc_column][\/vc_row][vc_row full_width=&#8221;stretch_row&#8221; content_placement=&#8221;middle&#8221; el_id=&#8221;cta-sec&#8221; css=&#8221;.vc_custom_1529657413051{padding-top: 35px !important;padding-bottom: 35px !important;background-color: #e88e2e !important;}&#8221;][vc_column width=&#8221;1\/6&#8243;][vc_single_image image=&#8221;2073&#8243; img_size=&#8221;full&#8221;][\/vc_column][vc_column width=&#8221;7\/12&#8243;][vc_column_text el_class=&#8221;callto-desc&#8221;]<\/p>\n<p class=\"call-subtitle\">Nos adaptamos a sus necesidades<\/p>\n<p class=\"call-title\">PROVEEMOS UN SERVICIO EXCLUSIVO<\/p>\n<p>[\/vc_column_text][\/vc_column][vc_column width=&#8221;1\/4&#8243;][vc_column_text el_class=&#8221;text-right&#8221;]<a class=\"readon\" href=\"http:\/\/sgl.cl\/sgl\/contact-us\/\">CONT\u00c1CTENOS<\/a>[\/vc_column_text][\/vc_column][\/vc_row]<\/p>\n","protected":false},"excerpt":{"rendered":"<p>[vc_row full_width=&#8221;stretch_row&#8221; css=&#8221;.vc_custom_1529649200845{padding-top: 55px !important;padding-bottom: 96px !important;background-color: #f1f1f1 !important;}&#8221; el_id=&#8221;rs-about&#8221; el_class=&#8221;rs-about1&#8243;][vc_column][vc_row_inner][vc_column_inner][\/vc_column_inner][\/vc_row_inner][\/vc_column][\/vc_row][vc_row el_id=&#8221;services-design&#8221; css=&#8221;.vc_custom_1529656745648{padding-top: 100px !important;}&#8221;][vc_column width=&#8221;1\/2&#8243;][vc_row_inner content_placement=&#8221;middle&#8221;][vc_column_inner width=&#8221;1\/2&#8243; el_id=&#8221;one-servies-img&#8221;][vc_single_image image=&#8221;3624&#8243;&#8230;<\/p>\n","protected":false},"author":1,"featured_media":0,"parent":0,"menu_order":0,"comment_status":"closed","ping_status":"closed","template":"","meta":{"footnotes":""},"class_list":["post-450","page","type-page","status-publish","hentry"],"_links":{"self":[{"href":"https:\/\/sgl.cl\/sgl\/wp-json\/wp\/v2\/pages\/450","targetHints":{"allow":["GET"]}}],"collection":[{"href":"https:\/\/sgl.cl\/sgl\/wp-json\/wp\/v2\/pages"}],"about":[{"href":"https:\/\/sgl.cl\/sgl\/wp-json\/wp\/v2\/types\/page"}],"author":[{"embeddable":true,"href":"https:\/\/sgl.cl\/sgl\/wp-json\/wp\/v2\/users\/1"}],"replies":[{"embeddable":true,"href":"https:\/\/sgl.cl\/sgl\/wp-json\/wp\/v2\/comments?post=450"}],"version-history":[{"count":10,"href":"https:\/\/sgl.cl\/sgl\/wp-json\/wp\/v2\/pages\/450\/revisions"}],"predecessor-version":[{"id":3631,"href":"https:\/\/sgl.cl\/sgl\/wp-json\/wp\/v2\/pages\/450\/revisions\/3631"}],"wp:attachment":[{"href":"https:\/\/sgl.cl\/sgl\/wp-json\/wp\/v2\/media?parent=450"}],"curies":[{"name":"wp","href":"https:\/\/api.w.org\/{rel}","templated":true}]}}